{"id":907,"date":"2022-06-10T09:04:45","date_gmt":"2022-06-10T09:04:45","guid":{"rendered":"http:\/\/stifen.net\/Fr\/?page_id=907"},"modified":"2022-06-13T10:29:01","modified_gmt":"2022-06-13T10:29:01","slug":"recherche-et-developpement","status":"publish","type":"page","link":"https:\/\/stifen.net\/index.php\/recherche-et-developpement\/","title":{"rendered":"Recherche et D\u00e9veloppement"},"content":{"rendered":"<div data-colibri-id=\"907-c1\" class=\"style-1041 style-local-907-c1 position-relative\">\n  <!---->\n  <div data-colibri-component=\"section\" data-colibri-id=\"907-c2\" id=\"features\" class=\"h-section h-section-global-spacing d-flex align-items-lg-center align-items-md-center align-items-center style-1042 style-local-907-c2 position-relative\">\n    <!---->\n    <!---->\n    <div class=\"h-section-grid-container h-section-boxed-container\">\n      <div data-colibri-id=\"907-c32\" class=\"h-row-container gutters-row-lg-2 gutters-row-md-2 gutters-row-0 gutters-row-v-lg-2 gutters-row-v-md-2 gutters-row-v-2 style-1052 style-local-907-c32 position-relative\">\n        <!---->\n        <div class=\"h-row justify-content-lg-center justify-content-md-center justify-content-center align-items-lg-stretch align-items-md-stretch align-items-stretch gutters-col-lg-2 gutters-col-md-2 gutters-col-0 gutters-col-v-lg-2 gutters-col-v-md-2 gutters-col-v-2\">\n          <!---->\n          <div class=\"h-column h-column-container d-flex h-col-lg-auto h-col-md-auto h-col-auto style-1053-outer style-local-907-c33-outer\">\n            <div data-colibri-id=\"907-c33\" class=\"d-flex h-flex-basis h-column__inner h-px-lg-2 h-px-md-2 h-px-2 v-inner-lg-2 v-inner-md-2 v-inner-2 style-1053 style-local-907-c33 position-relative\">\n              <!---->\n              <!---->\n              <div class=\"w-100 h-y-container h-column__content h-column__v-align flex-basis-100 align-self-lg-start align-self-md-start align-self-start\">\n                <!---->\n                <div data-colibri-id=\"907-c35\" class=\"h-lead h-text h-text-component style-1055 style-local-907-c35 position-relative h-element\">\n                  <!---->\n                  <!---->\n                  <div class=\"\">\n                    <p>Notre \u00e9quipe est compos\u00e9e de 5 personnes d\u00e9di\u00e9es aux d\u00e9veloppements de nouvelles pr\u00e9parations de fruits. <\/p>\n                  <\/div>\n                <\/div>\n              <\/div>\n            <\/div>\n          <\/div>\n        <\/div>\n      <\/div>\n      <div data-colibri-id=\"907-c3\" class=\"h-row-container gutters-row-lg-2 gutters-row-md-2 gutters-row-2 gutters-row-v-lg-2 gutters-row-v-md-2 gutters-row-v-2 style-1043 style-local-907-c3 position-relative\">\n        <!---->\n        <div class=\"h-row justify-content-lg-center justify-content-md-center justify-content-center align-items-lg-stretch align-items-md-stretch align-items-stretch gutters-col-lg-2 gutters-col-md-2 gutters-col-2 gutters-col-v-lg-2 gutters-col-v-md-2 gutters-col-v-2\">\n          <!---->\n          <div class=\"h-column h-column-container d-flex h-col-lg-6 h-col-md-6 h-col-12 style-1044-outer style-local-907-c4-outer\">\n            <div data-colibri-id=\"907-c4\" class=\"d-flex h-flex-basis h-column__inner h-px-lg-0 h-px-md-0 h-px-2 v-inner-lg-0 v-inner-md-0 v-inner-2 style-1044 style-local-907-c4 position-relative\">\n              <!---->\n              <!---->\n              <div class=\"w-100 h-y-container h-column__content h-column__v-align flex-basis-100 align-self-lg-start align-self-md-start align-self-start\">\n                <!---->\n                <div data-colibri-id=\"907-c5\" class=\"h-row-container gutters-row-lg-1 gutters-row-md-1 gutters-row-0 gutters-row-v-lg-1 gutters-row-v-md-1 gutters-row-v-2 style-1045 style-local-907-c5 position-relative\">\n                  <!---->\n                  <div class=\"h-row justify-content-lg-center justify-content-md-center justify-content-center align-items-lg-stretch align-items-md-stretch align-items-stretch gutters-col-lg-1 gutters-col-md-1 gutters-col-0 gutters-col-v-lg-1 gutters-col-v-md-1 gutters-col-v-2\">\n                    <!---->\n                    <div class=\"h-column h-column-container d-flex h-col-lg h-col-md h-col-auto style-1048-outer style-local-907-c8-outer\">\n                      <div data-colibri-id=\"907-c8\" class=\"d-flex h-flex-basis h-column__inner h-px-lg-1 h-px-md-1 h-px-1 v-inner-lg-1 v-inner-md-1 v-inner-1 style-1048 style-local-907-c8 position-relative\">\n                        <!---->\n                        <!---->\n                        <div class=\"w-100 h-y-container h-column__content h-column__v-align flex-basis-100 align-self-lg-start align-self-md-start align-self-start\">\n                          <!---->\n                          <div data-colibri-id=\"907-c9\" class=\"h-global-transition-all h-heading style-1049 style-local-907-c9 position-relative h-element\">\n                            <!---->\n                            <div class=\"h-heading__outer style-1049 style-local-907-c9\">\n                              <!---->\n                              <!---->\n                              <h4 class=\"\"><strong style=\"font-weight: 700;\">NOS MISSIONS<\/strong><\/h4>\n                            <\/div>\n                          <\/div>\n                          <div data-colibri-id=\"907-c10\" class=\"h-text h-text-component style-1050 style-local-907-c10 position-relative h-element\">\n                            <!---->\n                            <!---->\n                            <div class=\"\">\n                              <ul>\n                                <li>Supporter les projets d\u2019innovation et de r\u00e9novation produits de nos clients<\/li>\n                                <li>Optimiser les co\u00fbts et les ingr\u00e9dients<\/li>\n                                <li>Assurer la qualit\u00e9 de nos produits<\/li>\n                                <li>Utiliser le savoir-faire Stifen Industrie pour assurer la qualit\u00e9 des mati\u00e8res premi\u00e8res fruits<\/li>\n                                <li>S\u00e9curiser encore plus le \u00ab Food Safety \u00bb.<\/li>\n                              <\/ul>\n                            <\/div>\n                          <\/div>\n                        <\/div>\n                      <\/div>\n                    <\/div>\n                  <\/div>\n                <\/div>\n              <\/div>\n            <\/div>\n          <\/div>\n          <div class=\"h-column h-column-container d-flex h-col-lg-6 h-col-md-6 h-col-12 style-1051-outer style-local-907-c11-outer\">\n            <div data-colibri-id=\"907-c11\" class=\"d-flex h-flex-basis h-column__inner h-px-lg-0 h-px-md-0 h-px-2 v-inner-lg-0 v-inner-md-0 v-inner-2 style-1051 style-local-907-c11 position-relative\">\n              <!---->\n              <!---->\n              <div class=\"w-100 h-y-container h-column__content h-column__v-align flex-basis-100 align-self-lg-start align-self-md-start align-self-start\">\n                <!---->\n                <div data-colibri-id=\"907-c12\" class=\"h-row-container gutters-row-lg-1 gutters-row-md-1 gutters-row-0 gutters-row-v-lg-1 gutters-row-v-md-1 gutters-row-v-2 style-1045 style-local-907-c12 position-relative\">\n                  <!---->\n                  <div class=\"h-row justify-content-lg-center justify-content-md-center justify-content-center align-items-lg-stretch align-items-md-stretch align-items-stretch gutters-col-lg-1 gutters-col-md-1 gutters-col-0 gutters-col-v-lg-1 gutters-col-v-md-1 gutters-col-v-2\">\n                    <!---->\n                    <div class=\"h-column h-column-container d-flex h-col-lg h-col-md h-col-auto style-1048-outer style-local-907-c15-outer\">\n                      <div data-colibri-id=\"907-c15\" class=\"d-flex h-flex-basis h-column__inner h-px-lg-1 h-px-md-1 h-px-1 v-inner-lg-1 v-inner-md-1 v-inner-1 style-1048 style-local-907-c15 position-relative\">\n                        <!---->\n                        <!---->\n                        <div class=\"w-100 h-y-container h-column__content h-column__v-align flex-basis-100 align-self-lg-start align-self-md-start align-self-start\">\n                          <!---->\n                          <div data-colibri-id=\"907-c16\" class=\"h-global-transition-all h-heading style-1049 style-local-907-c16 position-relative h-element\">\n                            <!---->\n                            <div class=\"h-heading__outer style-1049 style-local-907-c16\">\n                              <!---->\n                              <!---->\n                              <h4 class=\"\"><span style=\"font-weight: 700;\">NOS OBJECTIFS<\/span> <\/h4>\n                            <\/div>\n                          <\/div>\n                          <div data-colibri-id=\"907-c17\" class=\"h-text h-text-component style-1050 style-local-907-c17 position-relative h-element\">\n                            <!---->\n                            <!---->\n                            <div class=\"\">\n                              <ul>\n                                <li>Am\u00e9liorer la r\u00e9activit\u00e9 et la proactivit\u00e9<\/li>\n                                <li>Apporter des solutions techniques<\/li>\n                                <li>Pr\u00e9senter des innovations<\/li>\n                                <li>D\u00e9velopper l\u2019expertise sur nos produits afin de devenir<\/li>\n                              <\/ul>\n                              <p>LE partenaire technique de nos clients.<\/p>\n                            <\/div>\n                          <\/div>\n                        <\/div>\n                      <\/div>\n                    <\/div>\n                  <\/div>\n                <\/div>\n              <\/div>\n            <\/div>\n          <\/div>\n        <\/div>\n      <\/div>\n    <\/div>\n  <\/div>\n<\/div>","protected":false},"excerpt":{"rendered":"<p>Notre \u00e9quipe est compos\u00e9e de 5 personnes d\u00e9di\u00e9es aux d\u00e9veloppements de nouvelles pr\u00e9parations de fruits. NOS MISSIONS Supporter les projets d\u2019innovation et de r\u00e9novation produits de nos clients Optimiser les co\u00fbts et les ingr\u00e9dients Assurer la qualit\u00e9 de nos produits Utiliser le savoir-faire Stifen Industrie pour assurer la qualit\u00e9 des mati\u00e8res premi\u00e8res fruits S\u00e9curiser encore [&hellip;]<\/p>\n","protected":false},"author":1,"featured_media":0,"parent":0,"menu_order":0,"comment_status":"closed","ping_status":"closed","template":"page-templates\/full-width-page.php","meta":{"footnotes":""},"class_list":["post-907","page","type-page","status-publish","hentry"],"_links":{"self":[{"href":"https:\/\/stifen.net\/index.php\/wp-json\/wp\/v2\/pages\/907","targetHints":{"allow":["GET"]}}],"collection":[{"href":"https:\/\/stifen.net\/index.php\/wp-json\/wp\/v2\/pages"}],"about":[{"href":"https:\/\/stifen.net\/index.php\/wp-json\/wp\/v2\/types\/page"}],"author":[{"embeddable":true,"href":"https:\/\/stifen.net\/index.php\/wp-json\/wp\/v2\/users\/1"}],"replies":[{"embeddable":true,"href":"https:\/\/stifen.net\/index.php\/wp-json\/wp\/v2\/comments?post=907"}],"version-history":[{"count":2,"href":"https:\/\/stifen.net\/index.php\/wp-json\/wp\/v2\/pages\/907\/revisions"}],"predecessor-version":[{"id":1369,"href":"https:\/\/stifen.net\/index.php\/wp-json\/wp\/v2\/pages\/907\/revisions\/1369"}],"wp:attachment":[{"href":"https:\/\/stifen.net\/index.php\/wp-json\/wp\/v2\/media?parent=907"}],"curies":[{"name":"wp","href":"https:\/\/api.w.org\/{rel}","templated":true}]}}