{"id":901,"date":"2022-06-10T09:04:17","date_gmt":"2022-06-10T09:04:17","guid":{"rendered":"http:\/\/stifen.net\/Fr\/?page_id=901"},"modified":"2022-06-13T10:18:11","modified_gmt":"2022-06-13T10:18:11","slug":"presentation-2","status":"publish","type":"page","link":"https:\/\/stifen.net\/index.php\/presentation-2\/","title":{"rendered":"Pr\u00e9sentation"},"content":{"rendered":"<div data-colibri-id=\"901-c1\" class=\"style-1009 style-local-901-c1 position-relative\">\n  <!---->\n  <div data-colibri-component=\"section\" data-colibri-id=\"901-c2\" id=\"about\" class=\"h-section h-section-global-spacing d-flex align-items-lg-center align-items-md-center align-items-center style-1010 style-local-901-c2 position-relative\">\n    <div class=\"background-wrapper\">\n      <div class=\"background-layer background-layer-media-container-lg\">\n        <!---->\n        <div class=\"overlay-layer\">\n          <div class=\"overlay-image-layer\" style=\"background-image: linear-gradient(90deg, rgb(255, 255, 255) 40%, rgba(69, 58, 148, 0) 40%);\"><\/div>\n        <\/div>\n      <\/div>\n      <div class=\"background-layer background-layer-media-container-md\">\n        <!---->\n        <div class=\"overlay-layer\">\n          <div class=\"overlay-image-layer\" style=\"background-image: linear-gradient(90deg, rgb(255, 255, 255) 40%, rgba(69, 58, 148, 0) 40%);\"><\/div>\n        <\/div>\n      <\/div>\n      <div class=\"background-layer background-layer-media-container\">\n        <!---->\n        <div class=\"overlay-layer\">\n          <div class=\"overlay-image-layer\" style=\"background-image: linear-gradient(90deg, rgb(255, 255, 255) 40%, rgba(69, 58, 148, 0) 40%);\"><\/div>\n        <\/div>\n      <\/div>\n    <\/div>\n    <!---->\n    <div class=\"h-section-grid-container h-section-boxed-container\">\n      <!---->\n      <div data-colibri-id=\"901-c3\" class=\"h-row-container gutters-row-lg-2 gutters-row-md-2 gutters-row-2 gutters-row-v-lg-2 gutters-row-v-md-2 gutters-row-v-2 style-1011 style-local-901-c3 position-relative\">\n        <!---->\n        <div class=\"h-row justify-content-lg-start justify-content-md-start justify-content-start align-items-lg-stretch align-items-md-stretch align-items-stretch gutters-col-lg-2 gutters-col-md-2 gutters-col-2 gutters-col-v-lg-2 gutters-col-v-md-2 gutters-col-v-2\">\n          <!---->\n          <div class=\"h-column h-column-container d-flex h-col-lg-auto h-col-md-auto h-col-auto style-1012-outer style-local-901-c4-outer\">\n            <div data-colibri-id=\"901-c4\" class=\"d-flex h-flex-basis h-column__inner h-px-lg-0 h-px-md-0 h-px-0 v-inner-lg-0 v-inner-md-0 v-inner-0 style-1012 style-local-901-c4 position-relative\">\n              <!---->\n              <!---->\n              <div class=\"w-100 h-y-container h-column__content h-column__v-align flex-basis-100 align-self-lg-center align-self-md-center align-self-center\">\n                <!---->\n                <div data-colibri-id=\"901-c9\" class=\"h-text h-text-component style-1017 style-local-901-c9 position-relative h-element\">\n                  <!---->\n                  <!---->\n                  <div class=\"\">\n                    <p>La qualit\u00e9 est une priorit\u00e9 absolue pour nous, pour cela nous mettons tout en \u0153uvre pour int\u00e9grer la ma\u00eetrise de la qualit\u00e9 et la s\u00e9curit\u00e9 produit dans toutes les fonctions de l\u2019entreprise conform\u00e9ment aux normes et aux r\u00e9glementations\n                      en vigueur.<\/p>\n                    <p>Depuis 2001, la d\u00e9marche HACCP a \u00e9t\u00e9 mise en place au sein des deux usines. Une \u00e9quipe pluridisciplinaire est charg\u00e9e d\u2019assurer la mise \u00e0 jour de notre syst\u00e8me de management.<\/p>\n                    <p>Cette \u00e9quipe a pour mission, entre autres, d\u2019identifier les dangers et leurs causes, de d\u00e9finir les mesures de ma\u00eetrise n\u00e9cessaires, d\u2019\u00e9laborer un plan HACCP et de mettre en place des programmes pr\u00e9 requis op\u00e9rationnels.<\/p>\n                    <p>Les contr\u00f4les qualit\u00e9 et les v\u00e9rifications \u00e0 titre pr\u00e9ventif sont effectu\u00e9s \u00e0 tous les stades de la production.<\/p>\n                    <p>Outre les analyses bact\u00e9riologiques et physico-chimiques r\u00e9alis\u00e9es dans notre laboratoire interne, d\u2019autres analyses sont externalis\u00e9es pour des raisons r\u00e9glementaires et valid\u00e9es par des organismes agr\u00e9\u00e9s.<\/p>\n                    <p>Ces derni\u00e8res concernent la mati\u00e8re premi\u00e8re, les produits semi-finis et les produits finis.<\/p>\n                  <\/div>\n                <\/div>\n              <\/div>\n            <\/div>\n          <\/div>\n        <\/div>\n      <\/div>\n    <\/div>\n  <\/div>\n<\/div>","protected":false},"excerpt":{"rendered":"<p>La qualit\u00e9 est une priorit\u00e9 absolue pour nous, pour cela nous mettons tout en \u0153uvre pour int\u00e9grer la ma\u00eetrise de la qualit\u00e9 et la s\u00e9curit\u00e9 produit dans toutes les fonctions de l\u2019entreprise conform\u00e9ment aux normes et aux r\u00e9glementations en vigueur. Depuis 2001, la d\u00e9marche HACCP a \u00e9t\u00e9 mise en place au sein des deux usines. [&hellip;]<\/p>\n","protected":false},"author":1,"featured_media":0,"parent":0,"menu_order":0,"comment_status":"closed","ping_status":"closed","template":"page-templates\/full-width-page.php","meta":{"footnotes":""},"class_list":["post-901","page","type-page","status-publish","hentry"],"_links":{"self":[{"href":"https:\/\/stifen.net\/index.php\/wp-json\/wp\/v2\/pages\/901","targetHints":{"allow":["GET"]}}],"collection":[{"href":"https:\/\/stifen.net\/index.php\/wp-json\/wp\/v2\/pages"}],"about":[{"href":"https:\/\/stifen.net\/index.php\/wp-json\/wp\/v2\/types\/page"}],"author":[{"embeddable":true,"href":"https:\/\/stifen.net\/index.php\/wp-json\/wp\/v2\/users\/1"}],"replies":[{"embeddable":true,"href":"https:\/\/stifen.net\/index.php\/wp-json\/wp\/v2\/comments?post=901"}],"version-history":[{"count":2,"href":"https:\/\/stifen.net\/index.php\/wp-json\/wp\/v2\/pages\/901\/revisions"}],"predecessor-version":[{"id":1329,"href":"https:\/\/stifen.net\/index.php\/wp-json\/wp\/v2\/pages\/901\/revisions\/1329"}],"wp:attachment":[{"href":"https:\/\/stifen.net\/index.php\/wp-json\/wp\/v2\/media?parent=901"}],"curies":[{"name":"wp","href":"https:\/\/api.w.org\/{rel}","templated":true}]}}