{"id":897,"date":"2022-06-10T09:03:58","date_gmt":"2022-06-10T09:03:58","guid":{"rendered":"http:\/\/stifen.net\/Fr\/?page_id=897"},"modified":"2022-06-13T10:14:56","modified_gmt":"2022-06-13T10:14:56","slug":"la-deuxieme-transformation","status":"publish","type":"page","link":"https:\/\/stifen.net\/index.php\/la-deuxieme-transformation\/","title":{"rendered":"La deuxi\u00e8me transformation"},"content":{"rendered":"<div data-colibri-id=\"897-c1\" class=\"style-992 style-local-897-c1 position-relative\">\n  <!---->\n  <div data-colibri-component=\"section\" data-colibri-id=\"897-c2\" id=\"reusable-sections\" class=\"h-section h-section-global-spacing d-flex align-items-lg-center align-items-md-center align-items-center style-993 style-local-897-c2 position-relative\">\n    <!---->\n    <!---->\n    <div class=\"h-section-grid-container h-section-boxed-container\">\n      <!---->\n      <div data-colibri-id=\"897-c3\" class=\"h-row-container gutters-row-lg-2 gutters-row-md-2 gutters-row-0 gutters-row-v-lg-2 gutters-row-v-md-2 gutters-row-v-2 style-994 style-local-897-c3 position-relative\">\n        <!---->\n        <div class=\"h-row justify-content-lg-center justify-content-md-center justify-content-center align-items-lg-stretch align-items-md-stretch align-items-stretch gutters-col-lg-2 gutters-col-md-2 gutters-col-0 gutters-col-v-lg-2 gutters-col-v-md-2 gutters-col-v-2\">\n          <!---->\n          <div class=\"h-column h-column-container d-flex h-col-lg-auto h-col-md-auto h-col-auto style-995-outer style-local-897-c4-outer\">\n            <div data-colibri-id=\"897-c4\" class=\"d-flex h-flex-basis h-column__inner h-px-lg-2 h-px-md-2 h-px-2 v-inner-lg-2 v-inner-md-2 v-inner-2 style-995 style-local-897-c4 position-relative\">\n              <!---->\n              <!---->\n              <div class=\"w-100 h-y-container h-column__content h-column__v-align flex-basis-100 align-self-lg-start align-self-md-start align-self-start\">\n                <!---->\n                <div data-colibri-component=\"tabs\" data-colibri-id=\"897-c5\" class=\"h-tabs h-tabs-horizontal h-tabs--horizontal--stretch-lg h-tabs--horizontal--stretch-md h-tabs--horizontal--full h-tabs h-tabs-horizontal h-tabs--horizontal--stretch-lg h-tabs--horizontal--stretch-md h-tabs--horizontal--full style-996 style-local-897-c5 position-relative h-element\">\n                  <!---->\n                  <div class=\"h-tabs-navigation d-flex h-tabs-navigation-horizontal\">\n                    <a href=\"#production-2\" class=\"h-tabs-navigation-item d-flex align-items-center h-global-transition h-tabs-navigation-active-item h-custom-active-state\" rel=\"#process\">\n                      <!----><span class=\"h-tabs-navigation-item__text\">PRODUCTION<\/span><\/a>\n                    <a href=\"#process\" class=\"h-tabs-navigation-item d-flex align-items-center h-global-transition\" rel=\"#production\">\n                      <!----><span class=\"h-tabs-navigation-item__text\">PROCESS<\/span><\/a>\n                  <\/div>\n                  <div id=\"production-2\" skip-smooth-scroll=\"true\" skip-scroll-spy=\"true\" data-colibri-id=\"897-c6\" class=\"h-tabs-item-content h-tabs-item h-tabs-content-horizontal h-tabs-content-897-c6 style-997 style-local-897-c6 position-relative h-element h-tabs-content-active\">\n                    <!---->\n                    <div class=\"w-100 h-y-container\">\n                      <!---->\n                      <div data-colibri-id=\"897-c7\" class=\"h-row-container gutters-row-lg-3 gutters-row-md-3 gutters-row-2 gutters-row-v-lg-3 gutters-row-v-md-3 gutters-row-v-2 style-998 style-local-897-c7 position-relative\">\n                        <!---->\n                        <div class=\"h-row justify-content-lg-center justify-content-md-center justify-content-center align-items-lg-stretch align-items-md-stretch align-items-stretch gutters-col-lg-3 gutters-col-md-3 gutters-col-2 gutters-col-v-lg-3 gutters-col-v-md-3 gutters-col-v-2\">\n                          <!---->\n                          <div class=\"h-column h-column-container d-flex h-col-lg-auto h-col-md-auto h-col-auto style-999-outer style-local-897-c8-outer\">\n                            <div data-colibri-id=\"897-c8\" class=\"d-flex h-flex-basis h-column__inner h-px-lg-2 h-px-md-2 h-px-2 v-inner-lg-2 v-inner-md-2 v-inner-2 style-999 style-local-897-c8 position-relative\">\n                              <!---->\n                              <!---->\n                              <div class=\"w-100 h-y-container h-column__content h-column__v-align flex-basis-100 align-self-lg-start align-self-md-start align-self-start\">\n                                <!---->\n                                <div data-colibri-id=\"897-c9\" class=\"h-global-transition-all h-heading style-1000 style-local-897-c9 position-relative h-element\">\n                                  <!---->\n                                  <div class=\"h-heading__outer style-1000 style-local-897-c9\">\n                                    <!---->\n                                    <!---->\n                                    <h4 class=\"\"><span style=\"font-weight: 700;\">PRODUCTION<\/span><\/h4>\n                                  <\/div>\n                                <\/div>\n                                <div data-colibri-id=\"897-c10\" class=\"h-text h-text-component style-1001 style-local-897-c10 position-relative h-element\">\n                                  <!---->\n                                  <!---->\n                                  <div class=\"\">\n                                    <p>\u00ab Chaque recette est unique \u00bb cet engagement implique l\u2019ensemble du personnel :<\/p>\n                                    <p> Une collaboration \u00e9troite entre nos clients et notre \u00e9quipe de R&amp;D bas\u00e9e sur la transparence et la cr\u00e9ativit\u00e9. Cette relation s\u2019articule sur l\u2019am\u00e9lioration continue des produits existants et d\u00e9veloppement de nouveaux\n                                      produits<\/p>\n                                    <p> Des recherches constantes d\u2019am\u00e9lioration de notre proc\u00e9d\u00e9 de production<\/p>\n                                    <p> Une veille permanente par notre service achat afin de ma\u00eetriser nos approvisionnements et am\u00e9liorer notre comp\u00e9titivit\u00e9<\/p>\n                                    <p> Une politique qualit\u00e9 qui va plus loin qu\u2019une simple conformit\u00e9 des produits aux normes mais qui inclue la satisfaction du client et la s\u00e9curit\u00e9 du consommateur au c\u0153ur du processus.<\/p>\n                                  <\/div>\n                                <\/div>\n                              <\/div>\n                            <\/div>\n                          <\/div>\n                          <div class=\"h-column h-column-container d-flex h-col-lg-auto h-col-md-auto h-col-auto style-1002-outer style-local-897-c11-outer\">\n                            <div data-colibri-id=\"897-c11\" class=\"d-flex h-flex-basis h-column__inner h-ui-empty-state-container h-px-lg-2 h-px-md-2 h-px-2 v-inner-lg-2 v-inner-md-2 v-inner-2 style-1002 style-local-897-c11 position-relative\">\n                              <!---->\n                              <!---->\n                              <div class=\"w-100 h-y-container h-column__content h-column__v-align flex-basis-100\">\n                                <!---->\n                              <\/div>\n                            <\/div>\n                          <\/div>\n                        <\/div>\n                      <\/div>\n                    <\/div>\n                  <\/div>\n                  <div id=\"process\" skip-smooth-scroll=\"true\" skip-scroll-spy=\"true\" data-colibri-id=\"897-c12\" class=\"h-tabs-item-content h-tabs-item h-tabs-content-horizontal h-tabs-content-897-c12 style-1003 style-local-897-c12 position-relative h-element hide\">\n                    <!---->\n                    <div class=\"w-100 h-y-container\">\n                      <!---->\n                      <div data-colibri-id=\"897-c13\" class=\"h-row-container gutters-row-lg-3 gutters-row-md-3 gutters-row-2 gutters-row-v-lg-3 gutters-row-v-md-3 gutters-row-v-2 style-1004 style-local-897-c13 position-relative\">\n                        <!---->\n                        <div class=\"h-row justify-content-lg-center justify-content-md-center justify-content-center align-items-lg-stretch align-items-md-stretch align-items-stretch gutters-col-lg-3 gutters-col-md-3 gutters-col-2 gutters-col-v-lg-3 gutters-col-v-md-3 gutters-col-v-2\">\n                          <!---->\n                          <div class=\"h-column h-column-container d-flex h-col-lg-auto h-col-md-auto h-col-auto style-1005-outer style-local-897-c14-outer\">\n                            <div data-colibri-id=\"897-c14\" class=\"d-flex h-flex-basis h-column__inner h-px-lg-2 h-px-md-2 h-px-2 v-inner-lg-2 v-inner-md-2 v-inner-2 style-1005 style-local-897-c14 position-relative\">\n                              <!---->\n                              <!---->\n                              <div class=\"w-100 h-y-container h-column__content h-column__v-align flex-basis-100 align-self-lg-start align-self-md-start align-self-start\">\n                                <!---->\n                                <div data-colibri-id=\"897-c15\" class=\"h-global-transition-all h-heading style-1006 style-local-897-c15 position-relative h-element\">\n                                  <!---->\n                                  <div class=\"h-heading__outer style-1006 style-local-897-c15\">\n                                    <!---->\n                                    <!---->\n                                    <h4 class=\"\"><span style=\"font-weight: 700;\">PROCESS<\/span><\/h4>\n                                  <\/div>\n                                <\/div>\n                                <div data-colibri-id=\"897-c16\" class=\"h-text h-text-component style-1007 style-local-897-c16 position-relative h-element\">\n                                  <!---->\n                                  <!---->\n                                  <div class=\"\">\n                                    <p>Cette usine est dot\u00e9e d\u2019une ligne de fabrication en semi-continu, elle est par ailleurs en conformit\u00e9 avec les exigences de nos clients afin de d\u2019am\u00e9liorer de fa\u00e7on continue nos proc\u00e9d\u00e9es de fabrication<\/p>\n                                    <p>Nos pur\u00e9es aseptiques peuvent \u00eatre conserv\u00e9es \u00e0 une temp\u00e9rature ambiante pendant un an. Elles sont conditionn\u00e9es dans des sacs st\u00e9riles dans des cartons de 1000 kg ou dans des bidons de 210 kg.<\/p>\n                                  <\/div>\n                                <\/div>\n                              <\/div>\n                            <\/div>\n                          <\/div>\n                          <div class=\"h-column h-column-container d-flex h-col-lg-auto h-col-md-auto h-col-auto style-1008-outer style-local-897-c17-outer\">\n                            <div data-colibri-id=\"897-c17\" class=\"d-flex h-flex-basis h-column__inner h-ui-empty-state-container h-px-lg-2 h-px-md-2 h-px-2 v-inner-lg-2 v-inner-md-2 v-inner-2 style-1008 style-local-897-c17 position-relative\">\n                              <!---->\n                              <!---->\n                              <div class=\"w-100 h-y-container h-column__content h-column__v-align flex-basis-100\">\n                                <!---->\n                              <\/div>\n                            <\/div>\n                          <\/div>\n                        <\/div>\n                      <\/div>\n                    <\/div>\n                  <\/div>\n                <\/div>\n              <\/div>\n            <\/div>\n          <\/div>\n        <\/div>\n      <\/div>\n    <\/div>\n  <\/div>\n<\/div>","protected":false},"excerpt":{"rendered":"<p>PRODUCTION PROCESS PRODUCTION \u00ab Chaque recette est unique \u00bb cet engagement implique l\u2019ensemble du personnel : Une collaboration \u00e9troite entre nos clients et notre \u00e9quipe de R&amp;D bas\u00e9e sur la transparence et la cr\u00e9ativit\u00e9. Cette relation s\u2019articule sur l\u2019am\u00e9lioration continue des produits existants et d\u00e9veloppement de nouveaux produits Des recherches constantes d\u2019am\u00e9lioration de notre proc\u00e9d\u00e9 [&hellip;]<\/p>\n","protected":false},"author":1,"featured_media":0,"parent":0,"menu_order":0,"comment_status":"closed","ping_status":"closed","template":"page-templates\/full-width-page.php","meta":{"footnotes":""},"class_list":["post-897","page","type-page","status-publish","hentry"],"_links":{"self":[{"href":"https:\/\/stifen.net\/index.php\/wp-json\/wp\/v2\/pages\/897","targetHints":{"allow":["GET"]}}],"collection":[{"href":"https:\/\/stifen.net\/index.php\/wp-json\/wp\/v2\/pages"}],"about":[{"href":"https:\/\/stifen.net\/index.php\/wp-json\/wp\/v2\/types\/page"}],"author":[{"embeddable":true,"href":"https:\/\/stifen.net\/index.php\/wp-json\/wp\/v2\/users\/1"}],"replies":[{"embeddable":true,"href":"https:\/\/stifen.net\/index.php\/wp-json\/wp\/v2\/comments?post=897"}],"version-history":[{"count":3,"href":"https:\/\/stifen.net\/index.php\/wp-json\/wp\/v2\/pages\/897\/revisions"}],"predecessor-version":[{"id":1321,"href":"https:\/\/stifen.net\/index.php\/wp-json\/wp\/v2\/pages\/897\/revisions\/1321"}],"wp:attachment":[{"href":"https:\/\/stifen.net\/index.php\/wp-json\/wp\/v2\/media?parent=897"}],"curies":[{"name":"wp","href":"https:\/\/api.w.org\/{rel}","templated":true}]}}