{"id":895,"date":"2022-06-10T09:03:49","date_gmt":"2022-06-10T09:03:49","guid":{"rendered":"http:\/\/stifen.net\/Fr\/?page_id=895"},"modified":"2022-06-13T10:11:08","modified_gmt":"2022-06-13T10:11:08","slug":"la-premiere-transformation","status":"publish","type":"page","link":"https:\/\/stifen.net\/index.php\/la-premiere-transformation\/","title":{"rendered":"La premi\u00e8re transformation"},"content":{"rendered":"<div data-colibri-id=\"895-c1\" class=\"style-971 style-local-895-c1 position-relative\">\n  <!---->\n  <div data-colibri-component=\"section\" data-colibri-id=\"895-c2\" id=\"features\" class=\"h-section h-section-global-spacing d-flex align-items-lg-center align-items-md-center align-items-center style-972 style-local-895-c2 position-relative\">\n    <!---->\n    <!---->\n    <div class=\"h-section-grid-container h-section-boxed-container\">\n      <!---->\n      <div data-colibri-id=\"895-c3\" class=\"h-row-container gutters-row-lg-2 gutters-row-md-2 gutters-row-0 gutters-row-v-lg-2 gutters-row-v-md-2 gutters-row-v-2 style-973 style-local-895-c3 position-relative\">\n        <!---->\n        <div class=\"h-row justify-content-lg-center justify-content-md-center justify-content-center align-items-lg-stretch align-items-md-stretch align-items-stretch gutters-col-lg-2 gutters-col-md-2 gutters-col-0 gutters-col-v-lg-2 gutters-col-v-md-2 gutters-col-v-2\">\n          <!---->\n          <div class=\"h-column h-column-container d-flex h-col-lg-auto h-col-md-auto h-col-auto style-974-outer style-local-895-c4-outer\">\n            <div data-colibri-id=\"895-c4\" class=\"d-flex h-flex-basis h-column__inner h-px-lg-2 h-px-md-2 h-px-2 v-inner-lg-2 v-inner-md-2 v-inner-2 style-974 style-local-895-c4 position-relative\">\n              <!---->\n              <!---->\n              <div class=\"w-100 h-y-container h-column__content h-column__v-align flex-basis-100 align-self-lg-start align-self-md-start align-self-start\">\n                <!---->\n                <div data-colibri-component=\"tabs\" data-colibri-id=\"895-c5\" class=\"h-tabs h-tabs-horizontal h-tabs--horizontal--stretch-lg h-tabs--horizontal--stretch-md h-tabs--horizontal--full h-tabs h-tabs-horizontal h-tabs--horizontal--stretch-lg h-tabs--horizontal--stretch-md h-tabs--horizontal--full style-975 style-local-895-c5 position-relative h-element\">\n                  <!---->\n                  <div class=\"h-tabs-navigation d-flex h-tabs-navigation-horizontal\">\n                    <a href=\"#process\" class=\"h-tabs-navigation-item d-flex align-items-center h-global-transition h-tabs-navigation-active-item h-custom-active-state\" rel=\"#process\">\n                      <!----><span class=\"h-tabs-navigation-item__text\">PROCESS<\/span><\/a>\n                    <a href=\"#production\" class=\"h-tabs-navigation-item d-flex align-items-center h-global-transition\" rel=\"#production\">\n                      <!----><span class=\"h-tabs-navigation-item__text\">PRODUCTION<\/span><\/a>\n                  <\/div>\n                  <div id=\"process\" skip-smooth-scroll=\"true\" skip-scroll-spy=\"true\" data-colibri-id=\"895-c6\" class=\"h-tabs-item-content h-tabs-item h-tabs-content-horizontal h-tabs-content-895-c6 style-976 style-local-895-c6 position-relative h-element h-tabs-content-active\">\n                    <!---->\n                    <div class=\"w-100 h-y-container\">\n                      <!---->\n                      <div data-colibri-id=\"895-c7\" class=\"h-row-container gutters-row-lg-3 gutters-row-md-3 gutters-row-2 gutters-row-v-lg-3 gutters-row-v-md-3 gutters-row-v-2 style-977 style-local-895-c7 position-relative\">\n                        <!---->\n                        <div class=\"h-row justify-content-lg-center justify-content-md-center justify-content-center align-items-lg-stretch align-items-md-stretch align-items-stretch gutters-col-lg-3 gutters-col-md-3 gutters-col-2 gutters-col-v-lg-3 gutters-col-v-md-3 gutters-col-v-2\">\n                          <!---->\n                          <div class=\"h-column h-column-container d-flex h-col-lg-auto h-col-md-auto h-col-auto style-978-outer style-local-895-c8-outer\">\n                            <div data-colibri-id=\"895-c8\" class=\"d-flex h-flex-basis h-column__inner h-px-lg-2 h-px-md-2 h-px-2 v-inner-lg-2 v-inner-md-2 v-inner-2 style-978 style-local-895-c8 position-relative\">\n                              <!---->\n                              <!---->\n                              <div class=\"w-100 h-y-container h-column__content h-column__v-align flex-basis-100 align-self-lg-start align-self-md-start align-self-start\">\n                                <!---->\n                                <div data-colibri-id=\"895-c9\" class=\"h-global-transition-all h-heading style-979 style-local-895-c9 position-relative h-element\">\n                                  <!---->\n                                  <div class=\"h-heading__outer style-979 style-local-895-c9\">\n                                    <!---->\n                                    <!---->\n                                    <h4 class=\"\"><strong style=\"font-weight: 700;\">PROCESS<\/strong><\/h4>\n                                  <\/div>\n                                <\/div>\n                                <div data-colibri-id=\"895-c10\" class=\"h-text h-text-component style-980 style-local-895-c10 position-relative h-element\">\n                                  <!---->\n                                  <!---->\n                                  <div class=\"\">\n                                    <p>Stifen industrie utilise la surg\u00e9lation en IQF. Ses \u00e9quipements \u00e0 la pointe de la technologie assurent une transformation de haute qualit\u00e9 et garantissent le respect des valeurs nutritives et la saveur des produits.<\/p>\n                                  <\/div>\n                                <\/div>\n                              <\/div>\n                            <\/div>\n                          <\/div>\n                          <div class=\"h-column h-column-container d-flex h-col-lg-auto h-col-md-auto h-col-auto style-983-outer style-local-895-c13-outer\">\n                            <div data-colibri-id=\"895-c13\" class=\"d-flex h-flex-basis h-column__inner h-ui-empty-state-container h-px-lg-2 h-px-md-2 h-px-2 v-inner-lg-2 v-inner-md-2 v-inner-2 style-983 style-local-895-c13 position-relative\">\n                              <!---->\n                              <!---->\n                              <div class=\"w-100 h-y-container h-column__content h-column__v-align flex-basis-100\">\n                                <!---->\n                              <\/div>\n                            <\/div>\n                          <\/div>\n                        <\/div>\n                      <\/div>\n                    <\/div>\n                  <\/div>\n                  <div id=\"production\" skip-smooth-scroll=\"true\" skip-scroll-spy=\"true\" data-colibri-id=\"895-c14\" class=\"h-tabs-item-content h-tabs-item h-tabs-content-horizontal h-tabs-content-895-c14 style-984 style-local-895-c14 position-relative h-element hide\">\n                    <!---->\n                    <div class=\"w-100 h-y-container\">\n                      <!---->\n                      <div data-colibri-id=\"895-c15\" class=\"h-row-container gutters-row-lg-3 gutters-row-md-3 gutters-row-2 gutters-row-v-lg-3 gutters-row-v-md-3 gutters-row-v-2 style-985 style-local-895-c15 position-relative\">\n                        <!---->\n                        <div class=\"h-row justify-content-lg-center justify-content-md-center justify-content-center align-items-lg-stretch align-items-md-stretch align-items-stretch gutters-col-lg-3 gutters-col-md-3 gutters-col-2 gutters-col-v-lg-3 gutters-col-v-md-3 gutters-col-v-2\">\n                          <!---->\n                          <div class=\"h-column h-column-container d-flex h-col-lg-auto h-col-md-auto h-col-auto style-986-outer style-local-895-c16-outer\">\n                            <div data-colibri-id=\"895-c16\" class=\"d-flex h-flex-basis h-column__inner h-px-lg-2 h-px-md-2 h-px-2 v-inner-lg-2 v-inner-md-2 v-inner-2 style-986 style-local-895-c16 position-relative\">\n                              <!---->\n                              <!---->\n                              <div class=\"w-100 h-y-container h-column__content h-column__v-align flex-basis-100 align-self-lg-start align-self-md-start align-self-start\">\n                                <!---->\n                                <div data-colibri-id=\"895-c17\" class=\"h-global-transition-all h-heading style-987 style-local-895-c17 position-relative h-element\">\n                                  <!---->\n                                  <div class=\"h-heading__outer style-987 style-local-895-c17\">\n                                    <!---->\n                                    <!---->\n                                    <h4 class=\"\"><span style=\"font-weight: 700;\">PRODUCTION<\/span><\/h4>\n                                  <\/div>\n                                <\/div>\n                                <div data-colibri-id=\"895-c18\" class=\"h-text h-text-component style-988 style-local-895-c18 position-relative h-element\">\n                                  <!---->\n                                  <!---->\n                                  <div class=\"\">\n                                    <p>Stifen industrie entretient une \u00e9troite relation avec les agriculteurs fournisseurs s\u00e9lectionn\u00e9s en vue de ma\u00eetriser toute la cha\u00eene de production, s\u00e9curiser ses approvisionnements et garantir la qualit\u00e9 de ses produits.<\/p>\n                                    <p>Stifen s\u00e9lectionne les vari\u00e9t\u00e9s ad\u00e9quates \u00e0 la surg\u00e9lation et les transforme selon les sp\u00e9cifications des clients (fruits entiers, en coup\u00e9s, en cubes en tranches etc\u2026)<\/p>\n                                    <p>La fraise avec la camarosa arrive en t\u00eate suivi de l\u2019abricot, la p\u00eache, la pomme, la poire, la mandarine, l\u2019orange, le melon, la figue\u2026<\/p>\n                                    <p>Les produits de Stifen industrie sont principalement destin\u00e9s aux op\u00e9rateurs de l\u2019industrie agroalimentaire. Notre politique produit repose sur le suivi permanent des tendances du march\u00e9. Ces produits peuvent \u00eatre d\u00e9clin\u00e9s\n                                      et adapt\u00e9s \u00e0 d\u2019autres applications selon les sp\u00e9cifications clients citons notamment : les RHD et la grande distribution.<\/p>\n                                    <p>Stifen industrie approvisionne aussi bien des pr\u00e9parateurs de fruits que des fabricants de produits laitiers, jus de fruits ou encore des p\u00e2tisseries et des glaciers.<\/p>\n                                    <p>Les fruits surgel\u00e9s sont conditionn\u00e9s dans des emballages appropri\u00e9s \u00e0 l\u2019industrie agroalimentaire ensuite ils sont palettis\u00e9s et stock\u00e9s dans des chambres froides n\u00e9gatives int\u00e9gr\u00e9es \u00e0 \u201324 C\u00b0.<\/p>\n                                  <\/div>\n                                <\/div>\n                              <\/div>\n                            <\/div>\n                          <\/div>\n                          <div class=\"h-column h-column-container d-flex h-col-lg-auto h-col-md-auto h-col-auto style-991-outer style-local-895-c21-outer\">\n                            <div data-colibri-id=\"895-c21\" class=\"d-flex h-flex-basis h-column__inner h-ui-empty-state-container h-px-lg-2 h-px-md-2 h-px-2 v-inner-lg-2 v-inner-md-2 v-inner-2 style-991 style-local-895-c21 position-relative\">\n                              <!---->\n                              <!---->\n                              <div class=\"w-100 h-y-container h-column__content h-column__v-align flex-basis-100\">\n                                <!---->\n                              <\/div>\n                            <\/div>\n                          <\/div>\n                        <\/div>\n                      <\/div>\n                    <\/div>\n                  <\/div>\n                <\/div>\n              <\/div>\n            <\/div>\n          <\/div>\n        <\/div>\n      <\/div>\n    <\/div>\n  <\/div>\n<\/div>","protected":false},"excerpt":{"rendered":"<p>PROCESS PRODUCTION PROCESS Stifen industrie utilise la surg\u00e9lation en IQF. Ses \u00e9quipements \u00e0 la pointe de la technologie assurent une transformation de haute qualit\u00e9 et garantissent le respect des valeurs nutritives et la saveur des produits. PRODUCTION Stifen industrie entretient une \u00e9troite relation avec les agriculteurs fournisseurs s\u00e9lectionn\u00e9s en vue de ma\u00eetriser toute la cha\u00eene [&hellip;]<\/p>\n","protected":false},"author":1,"featured_media":0,"parent":0,"menu_order":0,"comment_status":"closed","ping_status":"closed","template":"page-templates\/full-width-page.php","meta":{"footnotes":""},"class_list":["post-895","page","type-page","status-publish","hentry"],"_links":{"self":[{"href":"https:\/\/stifen.net\/index.php\/wp-json\/wp\/v2\/pages\/895","targetHints":{"allow":["GET"]}}],"collection":[{"href":"https:\/\/stifen.net\/index.php\/wp-json\/wp\/v2\/pages"}],"about":[{"href":"https:\/\/stifen.net\/index.php\/wp-json\/wp\/v2\/types\/page"}],"author":[{"embeddable":true,"href":"https:\/\/stifen.net\/index.php\/wp-json\/wp\/v2\/users\/1"}],"replies":[{"embeddable":true,"href":"https:\/\/stifen.net\/index.php\/wp-json\/wp\/v2\/comments?post=895"}],"version-history":[{"count":2,"href":"https:\/\/stifen.net\/index.php\/wp-json\/wp\/v2\/pages\/895\/revisions"}],"predecessor-version":[{"id":1306,"href":"https:\/\/stifen.net\/index.php\/wp-json\/wp\/v2\/pages\/895\/revisions\/1306"}],"wp:attachment":[{"href":"https:\/\/stifen.net\/index.php\/wp-json\/wp\/v2\/media?parent=895"}],"curies":[{"name":"wp","href":"https:\/\/api.w.org\/{rel}","templated":true}]}}